{"id":8995,"date":"2024-08-15T10:54:51","date_gmt":"2024-08-15T07:54:51","guid":{"rendered":"https:\/\/itei.md\/?post_type=product&#038;p=8995"},"modified":"2025-05-07T01:15:55","modified_gmt":"2025-05-06T22:15:55","slug":"revizorul","status":"publish","type":"product","link":"https:\/\/itei.md\/en\/product\/revizorul\/","title":{"rendered":"Inspector"},"content":{"rendered":"<p><span dir=\"ltr\" role=\"presentation\">The plot of the satirical comedy<\/span> <span dir=\"ltr\" role=\"presentation\">Inspector<\/span> <span dir=\"ltr\" role=\"presentation\">de Nikolai Gogol \u00eembin<\/span><span dir=\"ltr\" role=\"presentation\">Um<\/span> <span dir=\"ltr\" role=\"presentation\">motivul dramaturgic universal <\/span><span dir=\"ltr\" role=\"presentation\">\u201equiproquo\u201d cu motivul specific local al inspec<\/span><span dir=\"ltr\" role=\"presentation\">\u00de<\/span><span dir=\"ltr\" role=\"presentation\">iei administrative. Conducerea de v\u00e2rf a <\/span><span dir=\"ltr\" role=\"presentation\">unui or<\/span><span dir=\"ltr\" role=\"presentation\">\u0103\u0219<\/span><span dir=\"ltr\" role=\"presentation\">el provincial rus afl<\/span><span dir=\"ltr\" role=\"presentation\">Um<\/span> <span dir=\"ltr\" role=\"presentation\">despre sosirea incognito a unui revizor din capital<\/span><span dir=\"ltr\" role=\"presentation\">Um<\/span><span dir=\"ltr\" role=\"presentation\">. \u00cen urma <\/span><span dir=\"ltr\" role=\"presentation\">unor coinciden<\/span><span dir=\"ltr\" role=\"presentation\">\u00de<\/span><span dir=\"ltr\" role=\"presentation\">e bizare, un func<\/span><span dir=\"ltr\" role=\"presentation\">\u00de<\/span><span dir=\"ltr\" role=\"presentation\">ionar m<\/span><span dir=\"ltr\" role=\"presentation\">Um<\/span><span dir=\"ltr\" role=\"presentation\">runt, \u201eun fluier<\/span><span dir=\"ltr\" role=\"presentation\">Um<\/span><span dir=\"ltr\" role=\"presentation\">-v\u00e2nt\u201d, pe nume Ivan <\/span><span dir=\"ltr\" role=\"presentation\">Aleksandrovici Hlestakov, este confundat cu un controlor de stat. Considerat revizor, acesta <\/span><span dir=\"ltr\" role=\"presentation\">se bucur<\/span><span dir=\"ltr\" role=\"presentation\">Um<\/span> <span dir=\"ltr\" role=\"presentation\">de toat<\/span><span dir=\"ltr\" role=\"presentation\">Um<\/span> <span dir=\"ltr\" role=\"presentation\">admira<\/span><span dir=\"ltr\" role=\"presentation\">\u00de<\/span><span dir=\"ltr\" role=\"presentation\">ia<\/span> <span dir=\"ltr\" role=\"presentation\">AND<\/span><span dir=\"ltr\" role=\"presentation\">i slug<\/span><span dir=\"ltr\" role=\"presentation\">Um<\/span><span dir=\"ltr\" role=\"presentation\">rnicia oficialilor servili. <\/span><span dir=\"ltr\" role=\"presentation\">Revenind la textul clasic al lui N. Gogol, regizorul Petru Vutc<\/span><span dir=\"ltr\" role=\"presentation\">Um<\/span><span dir=\"ltr\" role=\"presentation\">R<\/span><span dir=\"ltr\" role=\"presentation\">Um<\/span><span dir=\"ltr\" role=\"presentation\">u \u00eencearc<\/span><span dir=\"ltr\" role=\"presentation\">Um<\/span> <span dir=\"ltr\" role=\"presentation\">S<\/span><span dir=\"ltr\" role=\"presentation\">Um<\/span><span dir=\"ltr\" role=\"presentation\">-l <\/span><span dir=\"ltr\" role=\"presentation\">modernizeze<\/span> <span dir=\"ltr\" role=\"presentation\">AND<\/span><span dir=\"ltr\" role=\"presentation\">i s<\/span><span dir=\"ltr\" role=\"presentation\">Um<\/span><span dir=\"ltr\" role=\"presentation\">-l adapteze la problemele cu care se confrunt<\/span><span dir=\"ltr\" role=\"presentation\">Um<\/span> <span dir=\"ltr\" role=\"presentation\">societatea zilei de azi. <\/span><span dir=\"ltr\" role=\"presentation\">Spectacolul prezint<\/span><span dir=\"ltr\" role=\"presentation\">Um<\/span> <span dir=\"ltr\" role=\"presentation\">o lume dement<\/span><span dir=\"ltr\" role=\"presentation\">Um<\/span><span dir=\"ltr\" role=\"presentation\">, aflat<\/span><span dir=\"ltr\" role=\"presentation\">Um<\/span> <span dir=\"ltr\" role=\"presentation\">\u00eentr-o stare avansat<\/span><span dir=\"ltr\" role=\"presentation\">Um<\/span> <span dir=\"ltr\" role=\"presentation\">de degradare moral<\/span><span dir=\"ltr\" role=\"presentation\">Um<\/span><span dir=\"ltr\" role=\"presentation\">, <\/span><span dir=\"ltr\" role=\"presentation\">dominat<\/span><span dir=\"ltr\" role=\"presentation\">Um<\/span> <span dir=\"ltr\" role=\"presentation\">de coruperea total<\/span><span dir=\"ltr\" role=\"presentation\">Um<\/span><span dir=\"ltr\" role=\"presentation\">, de abuzurile administrative, dezordinea<\/span> <span dir=\"ltr\" role=\"presentation\">AND<\/span><span dir=\"ltr\" role=\"presentation\">i del<\/span><span dir=\"ltr\" role=\"presentation\">Um<\/span><span dir=\"ltr\" role=\"presentation\">sarea. Cine e <\/span><span dir=\"ltr\" role=\"presentation\">vinovat? De ce se \u00eent\u00e2mpl<\/span><span dir=\"ltr\" role=\"presentation\">Um<\/span> <span dir=\"ltr\" role=\"presentation\">toate acestea?<\/span> <span dir=\"ltr\" role=\"presentation\">\u0218<\/span><span dir=\"ltr\" role=\"presentation\">i ar avea oare dreptate Gogol, spun\u00e2nd: \u201eAtunci <\/span><span dir=\"ltr\" role=\"presentation\">c\u00e2nd Dumnezeu vrea s<\/span><span dir=\"ltr\" role=\"presentation\">Um<\/span> <span dir=\"ltr\" role=\"presentation\">te pedepseasc<\/span><span dir=\"ltr\" role=\"presentation\">Um<\/span><span dir=\"ltr\" role=\"presentation\">, \u00ee<\/span><span dir=\"ltr\" role=\"presentation\">\u00de<\/span><span dir=\"ltr\" role=\"presentation\">i ia mai \u00eent\u00e2i min<\/span><span dir=\"ltr\" role=\"presentation\">\u00de<\/span><span dir=\"ltr\" role=\"presentation\">ile!\u201d?<\/span><\/p>","protected":false},"excerpt":{"rendered":"<p>Intriga comediei satirice Revizorul de Nikolai Gogol \u00eembin\u0103 motivul dramaturgic universal \u201equiproquo\u201d cu motivul specific local al inspec\u021biei administrative. Conducerea de v\u00e2rf a unui or\u0103\u0219el provincial rus afl\u0103 despre sosirea incognito a unui revizor din capital\u0103. \u00cen urma unor coinciden\u021be bizare, un func\u021bionar m\u0103runt, \u201eun fluier\u0103-v\u00e2nt\u201d, pe nume Ivan Aleksandrovici Hlestakov, este confundat cu un [&hellip;]<\/p>","protected":false},"featured_media":3015,"template":"","meta":{"jetpack_publicize_message":"","jetpack_publicize_feature_enabled":true,"jetpack_social_post_already_shared":false,"jetpack_social_options":{"image_generator_settings":{"template":"highway","default_image_id":0,"enabled":false},"version":2}},"product_brand":[],"product_cat":[20],"product_tag":[],"class_list":{"0":"post-8995","1":"product","2":"type-product","3":"status-publish","4":"has-post-thumbnail","6":"product_cat-fara-categorie","8":"first","9":"instock","10":"shipping-taxable","11":"purchasable","12":"product-type-variable"},"jetpack_publicize_connections":[],"jetpack_sharing_enabled":true,"_links":{"self":[{"href":"https:\/\/itei.md\/en\/wp-json\/wp\/v2\/product\/8995","targetHints":{"allow":["GET"]}}],"collection":[{"href":"https:\/\/itei.md\/en\/wp-json\/wp\/v2\/product"}],"about":[{"href":"https:\/\/itei.md\/en\/wp-json\/wp\/v2\/types\/product"}],"version-history":[{"count":0,"href":"https:\/\/itei.md\/en\/wp-json\/wp\/v2\/product\/8995\/revisions"}],"wp:featuredmedia":[{"embeddable":true,"href":"https:\/\/itei.md\/en\/wp-json\/wp\/v2\/media\/3015"}],"wp:attachment":[{"href":"https:\/\/itei.md\/en\/wp-json\/wp\/v2\/media?parent=8995"}],"wp:term":[{"taxonomy":"product_brand","embeddable":true,"href":"https:\/\/itei.md\/en\/wp-json\/wp\/v2\/product_brand?post=8995"},{"taxonomy":"product_cat","embeddable":true,"href":"https:\/\/itei.md\/en\/wp-json\/wp\/v2\/product_cat?post=8995"},{"taxonomy":"product_tag","embeddable":true,"href":"https:\/\/itei.md\/en\/wp-json\/wp\/v2\/product_tag?post=8995"}],"curies":[{"name":"wp","href":"https:\/\/api.w.org\/{rel}","templated":true}]}}