{"id":4989,"date":"2024-03-16T13:53:28","date_gmt":"2024-03-16T13:53:28","guid":{"rendered":"https:\/\/itei.md\/?page_id=4989"},"modified":"2025-12-30T20:47:24","modified_gmt":"2025-12-30T18:47:24","slug":"bilete","status":"publish","type":"page","link":"https:\/\/itei.md\/en\/bilete\/","title":{"rendered":"TICKETS"},"content":{"rendered":"<div data-elementor-type=\"wp-page\" data-elementor-id=\"4989\" class=\"elementor elementor-4989\">\n\t\t\t\t<div class=\"elementor-element elementor-element-78c685e e-flex e-con-boxed e-con e-parent\" data-id=\"78c685e\" data-element_type=\"container\">\n\t\t\t\t\t<div class=\"e-con-inner\">\n\t\t\t\t<div class=\"elementor-element elementor-element-7d55b89 elementor-widget elementor-widget-shortcode\" data-id=\"7d55b89\" data-element_type=\"widget\" data-widget_type=\"shortcode.default\">\n\t\t\t\t<div class=\"elementor-widget-container\">\n\t\t\t\t\t\t\t<div class=\"elementor-shortcode\">    <style>\n.afisa-wrapper {\n  display: flex;\n  justify-content: center;\n  padding: 40px 20px;\n}\n\n.layout {\n  display: flex;\n  justify-content: center;\n  grid-template-columns: 1fr 320px;\n  gap: 20px;\n  max-width: 100%;\n  width: 100%;\n  margin: 0 auto;\n\n}\nh1 {\n  text-align: center;\n}\n\n\n    \/* Events list *\/\n    .list{\n      display:grid;\n      gap:14px;\n    }\n    .card{\n      display:flex;\n      gap:14px;\n      align-items:stretch;\n      background:#fff;\n      padding:12px;border-radius:12px;box-shadow:0 6px 20px rgba(23,23,23,0.04);\n      border:1px solid rgba(0,0,0,0.03);\n    }\n    .thumb{\n      width:170px;height:110px;border-radius:10px;flex-shrink:0;\n      background-size:cover;background-position:center;position:relative;overflow:hidden;\n    }\n\n    .card-body{flex:1;display:flex;flex-direction:column;gap:6px}\n    .title{font-weight:700;font-size:18px}\n    .meta{display:flex;gap:12px;color:#666;font-size:13px;flex-wrap:wrap}\n    .excerpt{color:#444;font-size:14px}\n    .rightcol{width:160px;display:flex;flex-direction:column;align-items:flex-end;gap:8px}\n    .price{color:var(--accent);font-weight:700}\n    a.buttn{\n      background:#b33c2f;color:#fff;padding:8px 12px;border-radius:8px;text-decoration:none;font-weight:700;font-size:14px;\n      display:inline-block;\n    }\n.bil-special {\n    position: relative;\n    overflow: hidden; \n    z-index: 1;\n    color: white !important;\n    padding: 6px 8px;\n    border-radius: 4px;\n    \/* Culoarea de baz\u0103 a butonului (fundalul \"gol\") *\/\n    background-color: #28a745; \/* Verde default *\/\n    box-shadow: 0 2px 4px rgba(0, 0, 0, 0.2);\n    transition: background-color 0.5s ease;\n}\n\n\/* Elementul pseudo-care se umple (Umplutura) *\/\n.bil-special::before {\n    content: '';\n    position: absolute;\n    top: 0;\n    left: 0;\n    height: 100%;\n    \n    \/* L\u0103\u021bimea este dat\u0103 de variabila PHP (--fill-percent) *\/\n    width: var(--fill-percent, 0%);\n    \n    \/* Culoarea umpluturii (Ro\u0219u\/Urgen\u021b\u0103) *\/\n    background: rgba(230, 57, 70, 0.95); \/* Ro\u0219u pur, aproape opac *\/\n    \n    transition: width 0.8s ease-out; \/* Tranzi\u021bie fluid\u0103 *\/\n    z-index: -1; \/* Plaseaz\u0103 umplerea sub textul butonului *\/\n}\n\n\/* Culoarea fundalului butonului se schimb\u0103 \u00een func\u021bie de clas\u0103 *\/\n.bil-special.grad-mediu { \n    background-color: #28a745; \/* verde *\/\n}\n.bil-special.grad-maxim { \n    \/* La maxim, fundalul \u0219i umplerea sunt aproape identice (ro\u0219u) *\/\n    background-color: #e63946; \n}\n\n\/* Asigur\u0103 textul butonului deasupra umpluturii *\/\n.bil-special {\n    z-index: 2;\n    position: relative;\n}\n.bil-special.grad-mediu {\n    animation: pulse-button 1.5s infinite;\n}\t\t\t\t\t\t \n\n\/* --- Efectul de urgen\u021b\u0103 pe buton (op\u021bional) --- *\/\n.bil-special.grad-mic {\n    animation: pulse-button 1.5s infinite;\n}\n@keyframes pulse-button {\n    0% { box-shadow: 0 0 0 0 rgba(230, 57, 70, 0.6); }\n    70% { box-shadow: 0 0 0 8px rgba(230, 57, 70, 0); }\n    100% { box-shadow: 0 0 0 0 rgba(230, 57, 70, 0); }\n}\n    \/* Sidebar *\/\n    aside.card-like{padding:14px;display:flex;flex-direction:column;gap:12px}\n    .upcoming{display:flex;flex-direction:column;gap:10px}\n    .mini{display:flex;gap:10px;align-items:center}\n    .mini .mthumb{width:56px;height:40px;border-radius:6px;background-size:cover;background-position:center}\n    .mini .md{font-size:13px;color:var(--muted)}\n\n    \/* Pagination *\/\n    .pager{display:flex;gap:8px;align-items:center;flex-wrap:wrap;margin-top:6px}\n    .pager{padding:8px 12px;border-radius:8px;background:#fff;border:1px solid #eee;cursor:pointer}\n    .pager.active{background:var(--accent);color:#fff;border-color:transparent}\n\n    \/* Empty *\/\n    .empty{padding:40px;border-radius:12px;background:#fff;text-align:center;color:var(--muted)}\n\n    \/* Responsive *\/\n    @media (max-width:980px){\n      .controls{grid-template-columns:1fr;gap:12px}\n      .layout{grid-template-columns:1fr}\n      .rightcol{align-items:flex-start;width:auto}\n      .thumb{width:140px;height:95px}\n    }\n    @media (max-width:560px){\n      .card{flex-direction:column}\n      .thumb{width:100%;height:180px}\n      .rightcol{width:100%;flex-direction:row;justify-content:space-between;align-items:center}\n    }\n<\/style>\n<div class=\"afisa-wrapper\">\n\n    <div class=\"layout\">\n  <section>\n    <div style=\"display:flex;justify-content:center;align-items:end;margin-bottom:12px\">\n      <div>\n        <h1>Bilete Online<\/h1>\n\n      <\/div>\n\n    <\/div>\n\n    <div class=\"list\" id=\"list\">\n            <article class=\"card\">\n  <div class=\"thumb\" style=\"background-image:url('https:\/\/itei.md\/wp-content\/uploads\/2026\/03\/itei.md-adi.webp')\"><\/div>\n  <div class=\"card-body\">\n    <div style=\"display:flex;justify-content:space-between;align-items:center;gap:12px\">\n      <div>\n        <div class=\"title\">ADI<\/div>\n        \n         <div class=\"meta\">Thursday 23.04 | 18:30<\/div>\n         <div class=\"meta\">1h 30 min (f\u0103r\u0103 pauz\u0103)<\/div>\n      <\/div>\n      <div style=\"text-align:right\" class=\"rightcol\">\n       \n                <a href=\"https:\/\/itei.md\/en\/adi\/\" class=\"bil-special grad-mic\" style=\"--fill-percent: 0%; \">Detalii<\/a>\n\n        \n      <\/div>\n    <\/div>\n      <\/div>\n<\/article>\n      <\/div>\n\n        <div class=\"pager\" id=\"pager\" aria-label=\"Pager\"><\/div>\n    <\/section>\n    <\/div>\n\n    <div class=\"pager\" id=\"pager\" aria-label=\"Pager\"><\/div>\n  <\/section>\n<\/div>\n<\/div>\n\n    <\/div>\n\t\t\t\t\t\t<\/div>\n\t\t\t\t<\/div>\n\t\t\t\t\t<\/div>\n\t\t\t\t<\/div>\n\t\t\t\t<\/div>","protected":false},"excerpt":{"rendered":"","protected":false},"author":1,"featured_media":0,"parent":0,"menu_order":0,"comment_status":"closed","ping_status":"closed","template":"","meta":{"footnotes":""},"class_list":["post-4989","page","type-page","status-publish","hentry"],"jetpack_sharing_enabled":true,"_links":{"self":[{"href":"https:\/\/itei.md\/en\/wp-json\/wp\/v2\/pages\/4989","targetHints":{"allow":["GET"]}}],"collection":[{"href":"https:\/\/itei.md\/en\/wp-json\/wp\/v2\/pages"}],"about":[{"href":"https:\/\/itei.md\/en\/wp-json\/wp\/v2\/types\/page"}],"author":[{"embeddable":true,"href":"https:\/\/itei.md\/en\/wp-json\/wp\/v2\/users\/1"}],"replies":[{"embeddable":true,"href":"https:\/\/itei.md\/en\/wp-json\/wp\/v2\/comments?post=4989"}],"version-history":[{"count":0,"href":"https:\/\/itei.md\/en\/wp-json\/wp\/v2\/pages\/4989\/revisions"}],"wp:attachment":[{"href":"https:\/\/itei.md\/en\/wp-json\/wp\/v2\/media?parent=4989"}],"curies":[{"name":"wp","href":"https:\/\/api.w.org\/{rel}","templated":true}]}}