{"id":17574,"date":"2026-04-06T22:27:15","date_gmt":"2026-04-06T19:27:15","guid":{"rendered":"https:\/\/itei.md\/?page_id=17574"},"modified":"2026-04-06T22:28:51","modified_gmt":"2026-04-06T19:28:51","slug":"uciderea-lui-gonzago","status":"publish","type":"page","link":"https:\/\/itei.md\/en\/uciderea-lui-gonzago\/","title":{"rendered":"UCIDEREA LUI GONZAGO"},"content":{"rendered":"<div data-elementor-type=\"wp-page\" data-elementor-id=\"17574\" class=\"elementor elementor-17574\">\n\t\t\t\t<div class=\"elementor-element elementor-element-fd59640 e-flex e-con-boxed e-con e-parent\" data-id=\"fd59640\" data-element_type=\"container\">\n\t\t\t\t\t<div class=\"e-con-inner\">\n\t\t<div class=\"elementor-element elementor-element-3cce8d8 e-con-full e-flex e-con e-child\" data-id=\"3cce8d8\" data-element_type=\"container\">\n\t\t\t\t<div class=\"elementor-element elementor-element-b30d1f9 elementor-widget__width-initial elementor-widget elementor-widget-ld_fancy_image\" data-id=\"b30d1f9\" data-element_type=\"widget\" data-widget_type=\"ld_fancy_image.default\">\n\t\t\t\t<div class=\"elementor-widget-container\">\n\t\t\t\t\t\n\t\t<div class=\"lqd-imggrp-single d-block pos-rel\">\n\t\t\t<div class=\"lqd-imggrp-img-container d-inline-flex pos-rel align-items-center justify-content-center\">\n\t\t\t\t\t\t\t\t<figure class=\"w-100 pos-rel\">\n\t\t\t\t\t<img data-recalc-dims=\"1\" fetchpriority=\"high\" decoding=\"async\" width=\"780\" height=\"1104\" src=\"https:\/\/i0.wp.com\/itei.md\/wp-content\/uploads\/2026\/04\/Gonzago_A4-5.webp?resize=780%2C1104&#038;ssl=1\" class=\"attachment-full size-full wp-image-17575\" alt=\"\" srcset=\"https:\/\/i0.wp.com\/itei.md\/wp-content\/uploads\/2026\/04\/Gonzago_A4-5.webp?w=2380&amp;ssl=1 2380w, https:\/\/i0.wp.com\/itei.md\/wp-content\/uploads\/2026\/04\/Gonzago_A4-5.webp?resize=212%2C300&amp;ssl=1 212w, https:\/\/i0.wp.com\/itei.md\/wp-content\/uploads\/2026\/04\/Gonzago_A4-5.webp?resize=724%2C1024&amp;ssl=1 724w, https:\/\/i0.wp.com\/itei.md\/wp-content\/uploads\/2026\/04\/Gonzago_A4-5.webp?resize=8%2C12&amp;ssl=1 8w, https:\/\/i0.wp.com\/itei.md\/wp-content\/uploads\/2026\/04\/Gonzago_A4-5.webp?resize=1085%2C1536&amp;ssl=1 1085w, https:\/\/i0.wp.com\/itei.md\/wp-content\/uploads\/2026\/04\/Gonzago_A4-5.webp?resize=1447%2C2048&amp;ssl=1 1447w, https:\/\/i0.wp.com\/itei.md\/wp-content\/uploads\/2026\/04\/Gonzago_A4-5.webp?resize=600%2C849&amp;ssl=1 600w, https:\/\/i0.wp.com\/itei.md\/wp-content\/uploads\/2026\/04\/Gonzago_A4-5.webp?w=1560&amp;ssl=1 1560w\" sizes=\"(max-width: 780px) 100vw, 780px\" itemprop=\"image\" \/>\t\t\t\t\t\t\t\t\t\t\t\t\t\t\t\t\t\t\t\t\t\t\t\t\t\t\t\t\t<\/figure>\n\t\t\t<\/div>\n\t\t<\/div>\n\n\t\t\t\t\t<\/div>\n\t\t\t\t<\/div>\n\t\t\t\t<div class=\"elementor-element elementor-element-e588bc0 elementor-widget elementor-widget-shortcode\" data-id=\"e588bc0\" data-element_type=\"widget\" data-widget_type=\"shortcode.default\">\n\t\t\t\t<div class=\"elementor-widget-container\">\n\t\t\t\t\t\t\t<div class=\"elementor-shortcode\"><\/div>\n\t\t\t\t\t\t<\/div>\n\t\t\t\t<\/div>\n\t\t\t\t<\/div>\n\t\t<div class=\"elementor-element elementor-element-7b87191 e-con-full e-flex e-con e-child\" data-id=\"7b87191\" data-element_type=\"container\">\n\t\t\t\t<div class=\"elementor-element elementor-element-a6a3c74 elementor-widget__width-initial elementor-widget-mobile__width-initial elementor-widget elementor-widget-hub_fancy_heading\" data-id=\"a6a3c74\" data-element_type=\"widget\" data-widget_type=\"hub_fancy_heading.default\">\n\t\t\t\t<div class=\"elementor-widget-container\">\n\t\t\t\t\t\n\t\t<div id=\"ld-fancy-heading-69d6e3fd5d0fc\" class=\"ld-fancy-heading pos-rel\">\n\t\t\t<h3 class=\"ld-fh-element d-inline-block pos-rel  elementor-heading-title lqd-highlight-classic lqd-highlight-grow-left h3\"  > <b>UCIDEREA LUI GONZAGO<\/b> de Nedyalko Iordanov<\/h3>\t\t<\/div>\n\n\t\t\t\t\t\t<\/div>\n\t\t\t\t<\/div>\n\t\t\t\t<div class=\"elementor-element elementor-element-b5eaa73 elementor-widget__width-initial elementor-widget-mobile__width-initial elementor-widget elementor-widget-hub_fancy_heading\" data-id=\"b5eaa73\" data-element_type=\"widget\" data-widget_type=\"hub_fancy_heading.default\">\n\t\t\t\t<div class=\"elementor-widget-container\">\n\t\t\t\t\t\n\t\t<div id=\"ld-fancy-heading-69d6e3fd5d814\" class=\"ld-fancy-heading pos-rel\">\n\t\t\t<h6 class=\"ld-fh-element d-inline-block pos-rel  elementor-heading-title lqd-highlight-classic lqd-highlight-grow-left h6\"  > <b>Director:<\/b> <i>Petru VUTCARAU<\/i><\/h6>\t\t<\/div>\n\n\t\t\t\t\t\t<\/div>\n\t\t\t\t<\/div>\n\t\t\t\t<div class=\"elementor-element elementor-element-5b336d8 elementor-widget__width-initial elementor-widget-mobile__width-initial elementor-widget elementor-widget-hub_fancy_heading\" data-id=\"5b336d8\" data-element_type=\"widget\" data-widget_type=\"hub_fancy_heading.default\">\n\t\t\t\t<div class=\"elementor-widget-container\">\n\t\t\t\t\t\n\t\t<div id=\"ld-fancy-heading-69d6e3fd5de05\" class=\"ld-fancy-heading pos-rel\">\n\t\t\t<h6 class=\"ld-fh-element d-inline-block pos-rel  elementor-heading-title lqd-highlight-classic lqd-highlight-grow-left h6\"  > <b>Pictor scenograf:<\/b> <i>Anya CEBOTAR<\/i><\/h6>\t\t<\/div>\n\n\t\t\t\t\t\t<\/div>\n\t\t\t\t<\/div>\n\t\t\t\t<div class=\"elementor-element elementor-element-88ad2b7 elementor-widget__width-initial elementor-widget-mobile__width-initial elementor-widget elementor-widget-hub_fancy_heading\" data-id=\"88ad2b7\" data-element_type=\"widget\" data-widget_type=\"hub_fancy_heading.default\">\n\t\t\t\t<div class=\"elementor-widget-container\">\n\t\t\t\t\t\n\t\t<div id=\"ld-fancy-heading-69d6e3fd5e402\" class=\"ld-fancy-heading pos-rel\">\n\t\t\t<h6 class=\"ld-fh-element d-inline-block pos-rel  elementor-heading-title lqd-highlight-classic lqd-highlight-grow-left h6\"  > <b>Pictor costume:<\/b> <i> Inga Botnariuc<\/i><\/h6>\t\t<\/div>\n\n\t\t\t\t\t\t<\/div>\n\t\t\t\t<\/div>\n\t\t\t\t<div class=\"elementor-element elementor-element-b221b65 elementor-widget__width-initial elementor-widget-mobile__width-initial elementor-widget elementor-widget-hub_fancy_heading\" data-id=\"b221b65\" data-element_type=\"widget\" data-widget_type=\"hub_fancy_heading.default\">\n\t\t\t\t<div class=\"elementor-widget-container\">\n\t\t\t\t\t\n\t\t<div id=\"ld-fancy-heading-69d6e3fd5e9d5\" class=\"ld-fancy-heading pos-rel\">\n\t\t\t<h6 class=\"ld-fh-element d-inline-block pos-rel  elementor-heading-title lqd-highlight-classic lqd-highlight-grow-left h6\"  > <b>Pictor \u0219ef:<\/b> <i> Ludmila FURDUI<\/i>\n<\/h6>\t\t<\/div>\n\n\t\t\t\t\t\t<\/div>\n\t\t\t\t<\/div>\n\t\t\t\t<div class=\"elementor-element elementor-element-90039f5 elementor-widget__width-initial elementor-widget elementor-widget-hub_fancy_heading\" data-id=\"90039f5\" data-element_type=\"widget\" data-widget_type=\"hub_fancy_heading.default\">\n\t\t\t\t<div class=\"elementor-widget-container\">\n\t\t\t\t\t\n\t\t<div id=\"ld-fancy-heading-69d6e3fd5efa3\" class=\"ld-fancy-heading pos-rel\">\n\t\t\t<h4 class=\"ld-fh-element d-inline-block pos-rel  elementor-heading-title lqd-highlight-classic lqd-highlight-grow-left h4\"  > #dram\u0103, 18+<\/h4>\t\t<\/div>\n\n\t\t\t\t\t\t<\/div>\n\t\t\t\t<\/div>\n\t\t\t\t<div class=\"elementor-element elementor-element-6026a27 elementor-widget elementor-widget-hub_fancy_heading\" data-id=\"6026a27\" data-element_type=\"widget\" data-widget_type=\"hub_fancy_heading.default\">\n\t\t\t\t<div class=\"elementor-widget-container\">\n\t\t\t\t\t\n\t\t<div id=\"ld-fancy-heading-69d6e3fd5f512\" class=\"ld-fancy-heading pos-rel\">\n\t\t\t<h5 class=\"ld-fh-element d-inline-block pos-rel  elementor-heading-title lqd-highlight-classic lqd-highlight-grow-left h5\"  > Durata spectacolului: 3h 00 min (cu pauz\u0103 - 15 min)<\/h5>\t\t<\/div>\n\n\t\t\t\t\t\t<\/div>\n\t\t\t\t<\/div>\n\t\t\t\t<div class=\"elementor-element elementor-element-5fe1acd elementor-widget__width-initial elementor-widget-mobile__width-initial elementor-widget elementor-widget-hub_fancy_heading\" data-id=\"5fe1acd\" data-element_type=\"widget\" data-widget_type=\"hub_fancy_heading.default\">\n\t\t\t\t<div class=\"elementor-widget-container\">\n\t\t\t\t\t\n\t\t<div id=\"ld-fancy-heading-69d6e3fd5fa9f\" class=\"ld-fancy-heading pos-rel\">\n\t\t\t<h5 class=\"ld-fh-element d-inline-block pos-rel  elementor-heading-title lqd-highlight-classic lqd-highlight-grow-left h5\"  > <b>Year of the Premiere <\/b>2026<\/h5>\t\t<\/div>\n\n\t\t\t\t\t\t<\/div>\n\t\t\t\t<\/div>\n\t\t\t\t<div class=\"elementor-element elementor-element-44fb973 elementor-widget elementor-widget-hub_fancy_heading\" data-id=\"44fb973\" data-element_type=\"widget\" data-widget_type=\"hub_fancy_heading.default\">\n\t\t\t\t<div class=\"elementor-widget-container\">\n\t\t\t\t\t\n\t\t<div id=\"ld-fancy-heading-69d6e3fd601b1\" class=\"ld-fancy-heading pos-rel\">\n\t\t\t<h5 class=\"ld-fh-element d-inline-block pos-rel  elementor-heading-title lqd-highlight-classic lqd-highlight-grow-left h5\"  > For ticket information, you can inquire at the theater's box office \ud83d\udcf2 <b>079 233 833<\/b><\/h5>\t\t<\/div>\n\n\t\t\t\t\t\t<\/div>\n\t\t\t\t<\/div>\n\t\t\t\t<\/div>\n\t\t\t\t\t<\/div>\n\t\t\t\t<\/div>\n\t\t<div class=\"elementor-element elementor-element-ab95e2b e-flex e-con-boxed e-con e-parent\" data-id=\"ab95e2b\" data-element_type=\"container\">\n\t\t\t\t\t<div class=\"e-con-inner\">\n\t\t\t\t<div class=\"elementor-element elementor-element-a540cf2 elementor-widget elementor-widget-hub_fancy_heading\" data-id=\"a540cf2\" data-element_type=\"widget\" data-widget_type=\"hub_fancy_heading.default\">\n\t\t\t\t<div class=\"elementor-widget-container\">\n\t\t\t\t\t\n\t\t<div id=\"ld-fancy-heading-69d6e3fd60fa5\" class=\"ld-fancy-heading pos-rel\">\n\t\t\t<h6 class=\"ld-fh-element d-inline-block pos-rel  elementor-heading-title lqd-highlight-classic lqd-highlight-grow-left h6\"  > O reinterpretare original\u0103 a temei shakespeariene despre manipularea artistului \u0219i implicarea sa \u00een jocurile politice ale puterii. <\/h6>\t\t<\/div>\n\n\t\t\t\t\t\t<\/div>\n\t\t\t\t<\/div>\n\t\t\t\t<div class=\"elementor-element elementor-element-328fce4 elementor-widget elementor-widget-hub_fancy_heading\" data-id=\"328fce4\" data-element_type=\"widget\" data-widget_type=\"hub_fancy_heading.default\">\n\t\t\t\t<div class=\"elementor-widget-container\">\n\t\t\t\t\t\n\t\t<div id=\"ld-fancy-heading-69d6e3fd61529\" class=\"ld-fancy-heading pos-rel\">\n\t\t\t<h6 class=\"ld-fh-element d-inline-block pos-rel  elementor-heading-title lqd-highlight-classic lqd-highlight-grow-left h6\"  > Adaptare liber\u0103 dup\u0103 Hamlet, spectacolul exploreaz\u0103 tr\u0103darea, moartea \u0219i manipularea prin ochii unei trupe de actori ambulan\u021bi. Pornind de la scena \u201euciderii lui Gonzago\u201d - teatru \u00een teatru , realitatea \u0219i fic\u021biunea se \u00eempletesc \u00eentr-un univers \u00een care personajele sunt prinse \u00eentre datoria de a spune adev\u0103rul \u0219i pre\u021bul greu pe care acesta \u00eel cere.<\/h6>\t\t<\/div>\n\n\t\t\t\t\t\t<\/div>\n\t\t\t\t<\/div>\n\t\t\t\t<div class=\"elementor-element elementor-element-acbbd3e elementor-widget elementor-widget-hub_fancy_heading\" data-id=\"acbbd3e\" data-element_type=\"widget\" data-widget_type=\"hub_fancy_heading.default\">\n\t\t\t\t<div class=\"elementor-widget-container\">\n\t\t\t\t\t\n\t\t<div id=\"ld-fancy-heading-69d6e3fd61aad\" class=\"ld-fancy-heading pos-rel\">\n\t\t\t<h6 class=\"ld-fh-element d-inline-block pos-rel  elementor-heading-title lqd-highlight-classic lqd-highlight-grow-left h6\"  > O medita\u021bie profund\u0103 despre vinov\u0103\u021bie \u0219i neputin\u021ba de a schimba destinul.<\/h6>\t\t<\/div>\n\n\t\t\t\t\t\t<\/div>\n\t\t\t\t<\/div>\n\t\t\t\t<div class=\"elementor-element elementor-element-9411606 elementor-widget elementor-widget-hub_fancy_heading\" data-id=\"9411606\" data-element_type=\"widget\" data-widget_type=\"hub_fancy_heading.default\">\n\t\t\t\t<div class=\"elementor-widget-container\">\n\t\t\t\t\t\n\t\t<div id=\"ld-fancy-heading-69d6e3fd62020\" class=\"ld-fancy-heading pos-rel\">\n\t\t\t<h6 class=\"ld-fh-element d-inline-block pos-rel  elementor-heading-title lqd-highlight-classic lqd-highlight-grow-left h6\"  > <b>Distribution:<br><\/b>\n<b>Anatoli Guzic, Natalia Prodan \/ Dorina-Beatrice Timciuc, Gheorghe Pietraru \/ Andrei Sochirca, Alexandru Berbinschi, Laureana \u021aurcan \/ Nicoleta Curici, Stanislav Cotrobai, Valeriu Pahomii, Nicolae Neghin \/ Iurie Pascar, Bogdan B\u00eetlan \/ Maxim Chiriac, Iuliana Vornicescu \/ Iulia Bordeianu, Petre Dragancea, Lauren\u021biu Vutc\u0103r\u0103u, Silviu Boinceanu.<\/b>\n<\/h6>\t\t<\/div>\n\n\t\t\t\t\t\t<\/div>\n\t\t\t\t<\/div>\n\t\t<div class=\"elementor-element elementor-element-681d5a6 e-con-full e-flex e-con e-child\" data-id=\"681d5a6\" data-element_type=\"container\">\n\t\t\t\t<div class=\"elementor-element elementor-element-e61b1e2 elementor-widget elementor-widget-hub_fancy_heading\" data-id=\"e61b1e2\" data-element_type=\"widget\" data-widget_type=\"hub_fancy_heading.default\">\n\t\t\t\t<div class=\"elementor-widget-container\">\n\t\t\t\t\t\n\t\t<div id=\"ld-fancy-heading-69d6e3fd6288c\" class=\"ld-fancy-heading pos-rel\">\n\t\t\t<h4 class=\"ld-fh-element d-inline-block pos-rel  elementor-heading-title lqd-highlight-classic lqd-highlight-grow-left h4\"  > We are waiting for you at the &quot;Eug\u00e8ne Ionesco&quot; National Theater - the theater that loves you!<\/h4>\t\t<\/div>\n\n\t\t\t\t\t\t<\/div>\n\t\t\t\t<\/div>\n\t\t\t\t<\/div>\n\t\t\t\t\t<\/div>\n\t\t\t\t<\/div>\n\t\t<div class=\"elementor-element elementor-element-9dfa948 e-flex e-con-boxed e-con e-parent\" data-id=\"9dfa948\" data-element_type=\"container\">\n\t\t\t\t\t<div class=\"e-con-inner\">\n\t\t<div class=\"elementor-element elementor-element-479a014 e-con-full e-flex e-con e-child\" data-id=\"479a014\" data-element_type=\"container\">\n\t\t<div class=\"elementor-element elementor-element-ce668f8 e-con-full e-flex e-con e-child\" data-id=\"ce668f8\" data-element_type=\"container\">\n\t\t\t\t<div class=\"elementor-element elementor-element-6b668eb elementor-widget elementor-widget-hub_fancy_heading\" data-id=\"6b668eb\" data-element_type=\"widget\" data-widget_type=\"hub_fancy_heading.default\">\n\t\t\t\t<div class=\"elementor-widget-container\">\n\t\t\t\t\t\n\t\t<div id=\"ld-fancy-heading-69d6e3fd639b9\" class=\"ld-fancy-heading pos-rel\">\n\t\t\t<h2 class=\"ld-fh-element d-inline-block pos-rel  elementor-heading-title lqd-highlight-classic lqd-highlight-grow-left h2\"  > Photo gallery<\/h2>\t\t<\/div>\n\n\t\t\t\t\t\t<\/div>\n\t\t\t\t<\/div>\n\t\t\t\t<\/div>\n\t\t<div class=\"elementor-element elementor-element-5fa0a72 e-con-full e-flex e-con e-child\" data-id=\"5fa0a72\" data-element_type=\"container\">\n\t\t\t\t<div class=\"elementor-element elementor-element-5b95e1e elementor-widget elementor-widget-ld_gallery\" data-id=\"5b95e1e\" data-element_type=\"widget\" data-widget_type=\"ld_gallery.default\">\n\t\t\t\t<div class=\"elementor-widget-container\">\n\t\t\t\t\t\n\t\t<div class=\"lqd-img-gal\">\n\n\t\t\t<div class=\"lqd-img-gal-imgs\">\n\n\t\t\t\t<div class=\"carousel-container pos-rel carousel-nav-floated carousel-nav-center carousel-nav-middle carousel-nav-lg carousel-nav-solid carousel-nav-circle carousel-nav-appear-onhover carousel-dots-mobile-inside\">\n\t\t\t\t\t<div class=\"carousel-items pos-rel\" data-lqd-flickity='{ \"prevNextButtons\": true, \"navArrow\": \"6\", \"parallax\": true, \"adaptiveHeight\": true }' id=\"lqd-image-gallery-5b95e1emain-carousel\">\n\n\t\t\t\t\t\t<div class=\"flickity-viewport pos-rel w-100 overflow-hidden\">\n\t\t\t\t\t\t\t<div class=\"flickity-slider d-flex w-100 h-100 pos-rel\" style=\"left: 0; transform: translateX(0%);\">\n\n\t\t\t\t\t\t\t\t\t\t\t\t\t\t\t\t<div class=\"carousel-item d-flex flex-column justify-content-center w-100 flex-auto has-one-child\">\n\t\t\t\t\t\t\t\t\t<div class=\"carousel-item-inner pos-rel w-100\">\n\t\t\t\t\t\t\t\t\t\t<div class=\"carousel-item-content pos-rel w-100\">\n\t\t\t\t\t\t\t\t\t\t\t<figure class=\"w-100\">\n\t\t\t\t\t\t\t\t\t\t\t\t<img decoding=\"async\" width=\"2380\" height=\"3368\" src=\"data:image\/svg+xml;charset=utf-8,%3Csvg xmlns%3D&#039;http%3A%2F%2Fwww.w3.org%2F2000%2Fsvg&#039; viewBox%3D&#039;0 0 2380 3368&#039;%2F%3E\" class=\"w-100 ld-lazyload\" alt=\"\" itemprop=\"image\" data-src=\"https:\/\/itei.md\/wp-content\/uploads\/2026\/04\/Gonzago_A4-5.webp\" data-srcset=\"https:\/\/i0.wp.com\/itei.md\/wp-content\/uploads\/2026\/04\/Gonzago_A4-5.webp?w=2380&amp;ssl=1 2380w, https:\/\/i0.wp.com\/itei.md\/wp-content\/uploads\/2026\/04\/Gonzago_A4-5.webp?resize=212%2C300&amp;ssl=1 212w, https:\/\/i0.wp.com\/itei.md\/wp-content\/uploads\/2026\/04\/Gonzago_A4-5.webp?resize=724%2C1024&amp;ssl=1 724w, https:\/\/i0.wp.com\/itei.md\/wp-content\/uploads\/2026\/04\/Gonzago_A4-5.webp?resize=8%2C12&amp;ssl=1 8w, https:\/\/i0.wp.com\/itei.md\/wp-content\/uploads\/2026\/04\/Gonzago_A4-5.webp?resize=1085%2C1536&amp;ssl=1 1085w, https:\/\/i0.wp.com\/itei.md\/wp-content\/uploads\/2026\/04\/Gonzago_A4-5.webp?resize=1447%2C2048&amp;ssl=1 1447w, https:\/\/i0.wp.com\/itei.md\/wp-content\/uploads\/2026\/04\/Gonzago_A4-5.webp?resize=600%2C849&amp;ssl=1 600w, https:\/\/i0.wp.com\/itei.md\/wp-content\/uploads\/2026\/04\/Gonzago_A4-5.webp?w=1560&amp;ssl=1 1560w\" data-sizes=\"(max-width: 780px) 100vw, 780px\" data-aspect=\"0.70665083135392\" \/>\t\t\t\t\t\t\t\t\t\t\t<\/figure>\n\t\t\t\t\t\t\t\t\t\t<\/div>\n\t\t\t\t\t\t\t\t\t<\/div>\n\t\t\t\t\t\t\t\t<\/div>\n\t\t\t\t\t\t\t\t\n\t\t\t\t\t\t\t<\/div>\n\t\t\t\t\t\t<\/div>\n\t\t\t\t\t<\/div>\n\t\t\t\t<\/div>\n\n\t\t\t<\/div>\n\n\t\t\t<div class=\"lqd-img-gal-thumbs\">\n\n\t\t\t\t<div class=\"carousel-container\">\n\t\t\t\t\t<div class=\"carousel-items pos-rel\" data-lqd-flickity='{ \"contain\": false, \"pageDots\": false, \"asNavFor\": \"#lqd-image-gallery-5b95e1emain-carousel\" }'>\n\n\t\t\t\t\t\t<div class=\"flickity-viewport pos-rel w-100 overflow-hidden\">\n\t\t\t\t\t\t\t<div class=\"flickity-slider d-flex w-100 h-100 pos-rel\" style=\"left: 0; transform: translateX(0%);\">\n\n\t\t\t\t\t\t\t\t\t\t\t\t\t\t\t\t<div class=\"carousel-item d-flex flex-column justify-content-center flex-auto has-one-child\">\n\t\t\t\t\t\t\t\t\t<div class=\"carousel-item-inner pos-rel w-100\">\n\t\t\t\t\t\t\t\t\t\t<div class=\"carousel-item-content pos-rel w-100\">\n\t\t\t\t\t\t\t\t\t\t\t<figure class=\"w-100 pos-rel\">\n\t\t\t\t\t\t\t\t\t\t\t\t<img decoding=\"async\" width=\"49\" height=\"70\" src=\"data:image\/svg+xml;charset=utf-8,%3Csvg xmlns%3D&#039;http%3A%2F%2Fwww.w3.org%2F2000%2Fsvg&#039; viewBox%3D&#039;0 0 2380 3368&#039;%2F%3E\" class=\"w-100 h-100 objfit-cover objfit-center ld-lazyload\" alt=\"\" itemprop=\"image\" data-src=\"https:\/\/itei.md\/wp-content\/uploads\/2026\/04\/Gonzago_A4-5.webp\" data-srcset=\"https:\/\/i0.wp.com\/itei.md\/wp-content\/uploads\/2026\/04\/Gonzago_A4-5.webp?w=2380&amp;ssl=1 2380w, https:\/\/i0.wp.com\/itei.md\/wp-content\/uploads\/2026\/04\/Gonzago_A4-5.webp?resize=212%2C300&amp;ssl=1 212w, https:\/\/i0.wp.com\/itei.md\/wp-content\/uploads\/2026\/04\/Gonzago_A4-5.webp?resize=724%2C1024&amp;ssl=1 724w, https:\/\/i0.wp.com\/itei.md\/wp-content\/uploads\/2026\/04\/Gonzago_A4-5.webp?resize=8%2C12&amp;ssl=1 8w, https:\/\/i0.wp.com\/itei.md\/wp-content\/uploads\/2026\/04\/Gonzago_A4-5.webp?resize=1085%2C1536&amp;ssl=1 1085w, https:\/\/i0.wp.com\/itei.md\/wp-content\/uploads\/2026\/04\/Gonzago_A4-5.webp?resize=1447%2C2048&amp;ssl=1 1447w, https:\/\/i0.wp.com\/itei.md\/wp-content\/uploads\/2026\/04\/Gonzago_A4-5.webp?resize=700%2C1000&amp;ssl=1 700w, https:\/\/i0.wp.com\/itei.md\/wp-content\/uploads\/2026\/04\/Gonzago_A4-5.webp?resize=600%2C849&amp;ssl=1 600w, https:\/\/i0.wp.com\/itei.md\/wp-content\/uploads\/2026\/04\/Gonzago_A4-5.webp?w=1560&amp;ssl=1 1560w\" data-sizes=\"(max-width: 49px) 100vw, 49px\" data-aspect=\"0.70665083135392\" \/>\t\t\t\t\t\t\t\t\t\t\t<\/figure>\n\t\t\t\t\t\t\t\t\t\t<\/div>\n\t\t\t\t\t\t\t\t\t<\/div>\n\t\t\t\t\t\t\t\t<\/div>\n\t\t\t\t\t\t\t\t\n\t\t\t\t\t\t\t<\/div>\n\t\t\t\t\t\t<\/div>\n\t\t\t\t\t<\/div>\n\t\t\t\t<\/div>\n\n\t\t\t<\/div>\n\n\t\t<\/div>\n\n\t\t\t\t\t\t<\/div>\n\t\t\t\t<\/div>\n\t\t\t\t<\/div>\n\t\t\t\t<\/div>\n\t\t\t\t\t<\/div>\n\t\t\t\t<\/div>\n\t\t\t\t<\/div>","protected":false},"excerpt":{"rendered":"<p>O reflec\u021bie teatral\u0103 asupra puterii, tr\u0103d\u0103rii \u0219i fragilit\u0103\u021bii umane. Textul lui Iordanov transform\u0103 scena \u00eentr-un spa\u021biu al confrunt\u0103rii dintre adev\u0103r \u0219i iluzie, unde destinul se joac\u0103 \u00eentre lumin\u0103 \u0219i \u00eentuneric.<\/p>","protected":false},"author":1,"featured_media":17576,"parent":0,"menu_order":0,"comment_status":"closed","ping_status":"closed","template":"","meta":{"footnotes":""},"class_list":["post-17574","page","type-page","status-publish","has-post-thumbnail","hentry"],"jetpack_sharing_enabled":true,"_links":{"self":[{"href":"https:\/\/itei.md\/en\/wp-json\/wp\/v2\/pages\/17574","targetHints":{"allow":["GET"]}}],"collection":[{"href":"https:\/\/itei.md\/en\/wp-json\/wp\/v2\/pages"}],"about":[{"href":"https:\/\/itei.md\/en\/wp-json\/wp\/v2\/types\/page"}],"author":[{"embeddable":true,"href":"https:\/\/itei.md\/en\/wp-json\/wp\/v2\/users\/1"}],"replies":[{"embeddable":true,"href":"https:\/\/itei.md\/en\/wp-json\/wp\/v2\/comments?post=17574"}],"version-history":[{"count":0,"href":"https:\/\/itei.md\/en\/wp-json\/wp\/v2\/pages\/17574\/revisions"}],"wp:featuredmedia":[{"embeddable":true,"href":"https:\/\/itei.md\/en\/wp-json\/wp\/v2\/media\/17576"}],"wp:attachment":[{"href":"https:\/\/itei.md\/en\/wp-json\/wp\/v2\/media?parent=17574"}],"curies":[{"name":"wp","href":"https:\/\/api.w.org\/{rel}","templated":true}]}}