{"id":15272,"date":"2025-03-24T16:40:42","date_gmt":"2025-03-24T14:40:42","guid":{"rendered":"https:\/\/itei.md\/?page_id=15272"},"modified":"2025-12-30T20:37:39","modified_gmt":"2025-12-30T18:37:39","slug":"acasa-2","status":"publish","type":"page","link":"https:\/\/itei.md\/en\/","title":{"rendered":"The home"},"content":{"rendered":"<div data-elementor-type=\"wp-page\" data-elementor-id=\"15272\" class=\"elementor elementor-15272\">\n\t\t\t\t<footer class=\"elementor-element elementor-element-388685b4 e-con-full e-flex e-con e-parent\" data-id=\"388685b4\" data-element_type=\"container\">\n\t\t<div class=\"elementor-element elementor-element-e82e113 e-con-full e-flex e-con e-child\" data-id=\"e82e113\" data-element_type=\"container\">\n\t\t\t\t<div class=\"elementor-element elementor-element-7d49b8ec elementor-icon-list--layout-inline elementor-tablet-align-center elementor-align-center elementor-list-item-link-full_width elementor-widget elementor-widget-icon-list\" data-id=\"7d49b8ec\" data-element_type=\"widget\" data-widget_type=\"icon-list.default\">\n\t\t\t\t<div class=\"elementor-widget-container\">\n\t\t\t\t\t\t\t<ul class=\"elementor-icon-list-items elementor-inline-items\">\n\t\t\t\t\t\t\t<li class=\"elementor-icon-list-item elementor-inline-item\">\n\t\t\t\t\t\t\t\t\t\t\t<span class=\"elementor-icon-list-icon\">\n\t\t\t\t\t\t\t<i aria-hidden=\"true\" class=\"fas fa-phone-alt\"><\/i>\t\t\t\t\t\t<\/span>\n\t\t\t\t\t\t\t\t\t\t<span class=\"elementor-icon-list-text\">+ 373 79 233 833<\/span>\n\t\t\t\t\t\t\t\t\t<\/li>\n\t\t\t\t\t\t\t\t<li class=\"elementor-icon-list-item elementor-inline-item\">\n\t\t\t\t\t\t\t\t\t\t\t<a href=\"https:\/\/www.google.com\/maps\/dir\/\/teatrul+eugene+ionesco\/data=!4m6!4m5!1m1!4e2!1m2!1m1!1s0x40c97c4bc6fb555b:0x6329ddb0da892332?sa=X&#038;ved=1t:3061&#038;ictx=111&#038;hl=en\">\n\n\t\t\t\t\t\t\t\t\t\t\t\t<span class=\"elementor-icon-list-icon\">\n\t\t\t\t\t\t\t<i aria-hidden=\"true\" class=\"fas fa-search-location\"><\/i>\t\t\t\t\t\t<\/span>\n\t\t\t\t\t\t\t\t\t\t<span class=\"elementor-icon-list-text\">GRIGORE VIERU avenue, 11<\/span>\n\t\t\t\t\t\t\t\t\t\t\t<\/a>\n\t\t\t\t\t\t\t\t\t<\/li>\n\t\t\t\t\t\t\t\t<li class=\"elementor-icon-list-item elementor-inline-item\">\n\t\t\t\t\t\t\t\t\t\t\t<a href=\"https:\/\/www.facebook.com\/teinational\">\n\n\t\t\t\t\t\t\t\t\t\t\t\t<span class=\"elementor-icon-list-icon\">\n\t\t\t\t\t\t\t<i aria-hidden=\"true\" class=\"fab fa-facebook\"><\/i>\t\t\t\t\t\t<\/span>\n\t\t\t\t\t\t\t\t\t\t<span class=\"elementor-icon-list-text\">Eug\u00e8ne Ionesco National Theatre<\/span>\n\t\t\t\t\t\t\t\t\t\t\t<\/a>\n\t\t\t\t\t\t\t\t\t<\/li>\n\t\t\t\t\t\t\t\t<li class=\"elementor-icon-list-item elementor-inline-item\">\n\t\t\t\t\t\t\t\t\t\t\t<a href=\"https:\/\/www.instagram.com\/teatruleugeneionesco\/\">\n\n\t\t\t\t\t\t\t\t\t\t\t\t<span class=\"elementor-icon-list-icon\">\n\t\t\t\t\t\t\t<i aria-hidden=\"true\" class=\"fab fa-instagram\"><\/i>\t\t\t\t\t\t<\/span>\n\t\t\t\t\t\t\t\t\t\t<span class=\"elementor-icon-list-text\">@teatruleugeneionesco<\/span>\n\t\t\t\t\t\t\t\t\t\t\t<\/a>\n\t\t\t\t\t\t\t\t\t<\/li>\n\t\t\t\t\t\t\t\t<li class=\"elementor-icon-list-item elementor-inline-item\">\n\t\t\t\t\t\t\t\t\t\t\t<a href=\"https:\/\/www.tiktok.com\/@teatruleugeneionesco\">\n\n\t\t\t\t\t\t\t\t\t\t\t\t<span class=\"elementor-icon-list-icon\">\n\t\t\t\t\t\t\t<i aria-hidden=\"true\" class=\"fab fa-tiktok\"><\/i>\t\t\t\t\t\t<\/span>\n\t\t\t\t\t\t\t\t\t\t<span class=\"elementor-icon-list-text\">@teatruleugeneionesco<\/span>\n\t\t\t\t\t\t\t\t\t\t\t<\/a>\n\t\t\t\t\t\t\t\t\t<\/li>\n\t\t\t\t\t\t<\/ul>\n\t\t\t\t\t\t<\/div>\n\t\t\t\t<\/div>\n\t\t\t\t<\/div>\n\t\t\t\t<\/footer>\n\t\t<div class=\"elementor-element elementor-element-6cff06a e-con-full e-flex e-con e-parent\" data-id=\"6cff06a\" data-element_type=\"container\">\n\t\t\t\t<div class=\"elementor-element elementor-element-3326197 elementor-widget elementor-widget-shortcode\" data-id=\"3326197\" data-element_type=\"widget\" data-widget_type=\"shortcode.default\">\n\t\t\t\t<div class=\"elementor-widget-container\">\n\t\t\t\t\t\t\t<div class=\"elementor-shortcode\">  <\/div>\n\t\t\t\t\t\t<\/div>\n\t\t\t\t<\/div>\n\t\t\t\t<\/div>\n\t\t<div class=\"elementor-element elementor-element-39f5800 e-flex e-con-boxed e-con e-parent\" data-id=\"39f5800\" data-element_type=\"container\">\n\t\t\t\t\t<div class=\"e-con-inner\">\n\t\t<div class=\"elementor-element elementor-element-c38689f e-con-full e-flex e-con e-child\" data-id=\"c38689f\" data-element_type=\"container\">\n\t\t\t\t<div class=\"elementor-element elementor-element-8385a01 elementor-widget elementor-widget-shortcode\" data-id=\"8385a01\" data-element_type=\"widget\" data-widget_type=\"shortcode.default\">\n\t\t\t\t<div class=\"elementor-widget-container\">\n\t\t\t\t\t    <style>\n        \/* Container *\/\n.spectacole-container {\n  display: flex;\n  flex-wrap: wrap;\n  gap: 30px;\n}\n\n\/* Titlu *\/\n.spectacol-title {\n  color: #000000;\n  margin-top: 0;\n  margin-bottom: 5px;\n  font-size: 20px;\n  font-weight: bold;\n}\n\n\/* Dat\u0103 *\/\n.spectacol-date,\n.spectacol-duration {\n  color: #000000;\n  margin-top: 5px;\n  margin-bottom: 0;\n  font-size: 16px;\n}\n\n\/* Descriere *\/\n.spectacol-descriere {\n  color: #9B6601;\n  font-size: 12px;\n  font-weight: normal;\n  margin-top: 10px;\n  margin-bottom: 0;\n}\n\n\/* Badge *\/\n.spectacol-badge {\n  display: inline-block;\n  background-color: #181b31;\n  color: #ffffff;\n  padding: 5px 10px;\n  border-radius: 5px;\n  font-size: 12px;\n  font-weight: bold;\n  text-transform: uppercase;\n}\n\n\/* Contact text *\/\n.contact-text {\n  text-align: center;\n  color: #000000;\n  font-size: 14px;\n  margin-top: 5px;\n  margin-bottom: 30px;\n}\n.contact-text a {\n  color: #000000;\n  text-decoration: none;\n}\n\n\/* Media queries *\/\n@media (max-width: 768px) {\n  .spectacol-title { font-size: 18px;font-weight: bold; }\n  .spectacol-date, .spectacol-duration { font-size: 14px; }\n  .spectacol-descriere { font-size: 11px; }\n  .spectacol-badge { font-size: 11px; }\n  .contact-text { font-size: 12px; }\n}\n\n@media (max-width: 480px) {\n  .spectacol-title { font-size: 16px;font-weight: bold; }\n  .spectacol-date, .spectacol-duration { font-size: 12px; }\n  .spectacol-descriere { font-size: 10px; }\n  .spectacol-badge { font-size: 10px; padding: 4px 8px; }\n  .contact-text { font-size: 11px; }\n}\n\n\n        <\/style>\n        <style>\n        .repertoriu-heading {\n  text-align: center;\n  margin-bottom: 5px;\n  color: #990000;\n  font-family: 'Montserrat', Sans-serif;\n  font-size: 42px;\n  font-weight: 800;\n  line-height: 1.2em;\n}\n\n\/* Tablete *\/\n@media (max-width: 768px) {\n  .repertoriu-heading {\n    font-size: 28px;\n  }\n}\n\n\/* Smartphone-uri *\/\n@media (max-width: 480px) {\n  .repertoriu-heading {\n    font-size: 22px;\n  }\n}\n<\/style>\n     \t\t<div class=\"elementor-shortcode\"><h3 class=\"repertoriu-heading\">REPERTORIU APRILIE 2026<\/h3><p style=\"text-align: center; color: #000000; font-size: 14px; margin-top: 5px; margin-bottom: 30px;\">BILETE LA NUM\u0102RUL DE TELEFON <a href=\"tel:+37379233833\" style=\"color:#000000; text-decoration: none;\">+373 79 233 833<\/a><\/p><div class=\"spectacole-container\" style=\"display: flex; flex-wrap: wrap; gap: 30px;\"><a href=\"https:\/\/itei.md\/en\/adi\/\" style=\"text-decoration: none; color: inherit; width: calc(33.3333% - 20px);\"><div class=\"spectacole-item\" style=\"width: 100%;\"><img data-recalc-dims=\"1\" decoding=\"async\" src=\"https:\/\/i0.wp.com\/itei.md\/wp-content\/uploads\/2026\/03\/itei.md-adi.webp?w=780&#038;ssl=1\" alt=\"ADI\" style=\"max-width: 100%; width:340px; height:auto; margin-bottom:10px;\"><h4 class=\"spectacol-title\"><b>ADI<\/b><\/h4><h6 class=\"spectacol-date\">Thursday 23.04 | 18:30<\/h6><h6 class=\"spectacol-date\">1h 30 min (f\u0103r\u0103 pauz\u0103)<\/h6><p style=\"color:#9B6601; font-size:12px; font-weight:normal; margin-top: 10px; margin-bottom: 0;\">Spectacolul \u201eADI\u201d la Teatrul Na\u021bional Eugene Ionesco: monodram\u0103 intens\u0103, emo\u021bie puternic\u0103, interpretare magistral\u0103, experien\u021b\u0103 teatral\u0103 memorabil\u0103.<\/p><p style=\"margin-top: 10px; margin-bottom: 0;\"><span style=\"display: inline-block; background-color: #181b31; color: #ffffff; padding: 5px 10px; border-radius: 5px; font-size: 12px; font-weight: bold; text-transform: uppercase;\">monodram\u0103, 16+<\/span><\/p><\/div><\/a><script type=\"application\/ld+json\">{\"@context\":\"https:\/\/schema.org\",\"@type\":\"Event\",\"name\":\"ADI\",\"startDate\":\"2026-04-23T18:30:00+00:00\",\"duration\":\"PT1H30M\",\"description\":\"Spectacolul \u201eADI\u201d la Teatrul Na\u021bional Eugene Ionesco: monodram\u0103 intens\u0103, emo\u021bie puternic\u0103, interpretare magistral\u0103, experien\u021b\u0103 teatral\u0103 memorabil\u0103.\",\"image\":\"https:\/\/itei.md\/wp-content\/uploads\/2026\/03\/itei.md-adi.webp\",\"eventStatus\":\"https:\/\/schema.org\/EventScheduled\",\"location\":{\"@type\":\"Place\",\"name\":\"Teatrul Na\u021bional \u201eEug\u00e8ne Ionesco\u201d\",\"address\":{\"@type\":\"PostalAddress\",\"streetAddress\":\"Bulevardul Grigore Vieru 11\",\"addressLocality\":\"Chi\u0219in\u0103u\",\"addressCountry\":\"MD\"},\"geo\":{\"@type\":\"GeoCoordinates\",\"latitude\":47.03101099999999945566742098890244960784912109375,\"longitude\":28.8406370000000009667928679846227169036865234375}}}<\/script><a href=\"https:\/\/itei.md\/en\/ultima-noapte-la-madrid-2-2\/\" style=\"text-decoration: none; color: inherit; width: calc(33.3333% - 20px);\"><div class=\"spectacole-item\" style=\"width: 100%;\"><img data-recalc-dims=\"1\" decoding=\"async\" src=\"https:\/\/i0.wp.com\/itei.md\/wp-content\/uploads\/2026\/03\/itei.md-madrid.webp?w=780&#038;ssl=1\" alt=\"ULTIMA NOAPTE LA MADRID\" style=\"max-width: 100%; width:340px; height:auto; margin-bottom:10px;\"><h4 class=\"spectacol-title\"><b>THE LAST NIGHT IN MADRID<\/b><\/h4><h6 class=\"spectacol-date\">Friday 24.04 | 18:30<\/h6><h6 class=\"spectacol-date\">1h 35 min (f\u0103r\u0103 pauz\u0103)<\/h6><p style=\"color:#9B6601; font-size:12px; font-weight:normal; margin-top: 10px; margin-bottom: 0;\">Monodram\u0103 captivant\u0103 despre Jacqueline Roque, ultima so\u021bie a lui Picasso, spectacol emo\u021bionant plin de triste\u021be, bucurie \u0219i fascina\u021bie.<\/p><p style=\"margin-top: 10px; margin-bottom: 0;\"><span style=\"display: inline-block; background-color: #181b31; color: #ffffff; padding: 5px 10px; border-radius: 5px; font-size: 12px; font-weight: bold; text-transform: uppercase;\">monodram\u0103, 16+<\/span><\/p><\/div><\/a><script type=\"application\/ld+json\">{\"@context\":\"https:\/\/schema.org\",\"@type\":\"Event\",\"name\":\"ULTIMA NOAPTE LA MADRID\",\"startDate\":\"2026-04-24T18:30:00+00:00\",\"duration\":\"PT1H35M\",\"description\":\"Monodram\u0103 captivant\u0103 despre Jacqueline Roque, ultima so\u021bie a lui Picasso, spectacol emo\u021bionant plin de triste\u021be, bucurie \u0219i fascina\u021bie.\",\"image\":\"https:\/\/itei.md\/wp-content\/uploads\/2026\/03\/itei.md-madrid.webp\",\"eventStatus\":\"https:\/\/schema.org\/EventScheduled\",\"location\":{\"@type\":\"Place\",\"name\":\"Teatrul Na\u021bional \u201eEug\u00e8ne Ionesco\u201d\",\"address\":{\"@type\":\"PostalAddress\",\"streetAddress\":\"Bulevardul Grigore Vieru 11\",\"addressLocality\":\"Chi\u0219in\u0103u\",\"addressCountry\":\"MD\"},\"geo\":{\"@type\":\"GeoCoordinates\",\"latitude\":47.03101099999999945566742098890244960784912109375,\"longitude\":28.8406370000000009667928679846227169036865234375}}}<\/script><\/div><\/div>\n\t\t\t\t\t\t<\/div>\n\t\t\t\t<\/div>\n\t\t\t\t<\/div>\n\t\t\t\t\t<\/div>\n\t\t\t\t<\/div>\n\t\t<div class=\"elementor-element elementor-element-69792285 e-flex e-con-boxed e-con e-parent\" data-id=\"69792285\" data-element_type=\"container\">\n\t\t\t\t\t<div class=\"e-con-inner\">\n\t\t\t\t<div class=\"elementor-element elementor-element-5edc1bd9 elementor-widget__width-inherit elementor-widget elementor-widget-heading\" data-id=\"5edc1bd9\" data-element_type=\"widget\" data-widget_type=\"heading.default\">\n\t\t\t\t<div class=\"elementor-widget-container\">\n\t\t\t\t\t<h5 class=\"elementor-heading-title elementor-size-default\">PARTNERS<\/h5>\t\t\t\t<\/div>\n\t\t\t\t<\/div>\n\t\t\t\t<div class=\"elementor-element elementor-element-64aabee elementor-widget__width-inherit elementor-widget elementor-widget-shortcode\" data-id=\"64aabee\" data-element_type=\"widget\" data-widget_type=\"shortcode.default\">\n\t\t\t\t<div class=\"elementor-widget-container\">\n\t\t\t\t\t\t\t<div class=\"elementor-shortcode\"><div class=\"carousel ticker lqd-fade-sides\"><div class=\"carousel-cell\"><img data-recalc-dims=\"1\" decoding=\"async\" src=\"https:\/\/i0.wp.com\/itei.md\/wp-content\/uploads\/2025\/10\/logo_stud-e1760712621191.webp?w=780&#038;ssl=1\" alt=\"stud\"><\/div><div class=\"carousel-cell\"><img data-recalc-dims=\"1\" decoding=\"async\" src=\"https:\/\/i0.wp.com\/itei.md\/wp-content\/uploads\/2025\/06\/bardar.webp?w=780&#038;ssl=1\" alt=\"bardar\"><\/div><div class=\"carousel-cell\"><img data-recalc-dims=\"1\" decoding=\"async\" src=\"https:\/\/i0.wp.com\/itei.md\/wp-content\/uploads\/2025\/06\/TVR_Moldova_2022_logo.webp?w=780&#038;ssl=1\" alt=\"TVR_Moldova\"><\/div><div class=\"carousel-cell\"><a href=\"https:\/\/newsmaker.md\/ro\"><img data-recalc-dims=\"1\" decoding=\"async\" src=\"https:\/\/i0.wp.com\/itei.md\/wp-content\/uploads\/2025\/10\/NM_logo_red.webp?w=780&#038;ssl=1\" alt=\"NM\"><\/a><\/div><div class=\"carousel-cell\"><img data-recalc-dims=\"1\" decoding=\"async\" src=\"https:\/\/i0.wp.com\/itei.md\/wp-content\/uploads\/2025\/06\/logo_ZUM2.webp?w=780&#038;ssl=1\" alt=\"ZUM2\"><\/div><div class=\"carousel-cell\"><img data-recalc-dims=\"1\" decoding=\"async\" src=\"https:\/\/i0.wp.com\/itei.md\/wp-content\/uploads\/2025\/06\/eamd.webp?w=780&#038;ssl=1\" alt=\"eamd\"><\/div><div class=\"carousel-cell\"><img data-recalc-dims=\"1\" decoding=\"async\" src=\"https:\/\/i0.wp.com\/itei.md\/wp-content\/uploads\/2025\/06\/logo-optiplaza.webp?w=780&#038;ssl=1\" alt=\"optiplaza\"><\/div><div class=\"carousel-cell\"><img data-recalc-dims=\"1\" decoding=\"async\" src=\"https:\/\/i0.wp.com\/itei.md\/wp-content\/uploads\/2025\/06\/diez.webp?w=780&#038;ssl=1\" alt=\"diez\"><\/div><div class=\"carousel-cell\"><img data-recalc-dims=\"1\" decoding=\"async\" src=\"https:\/\/i0.wp.com\/itei.md\/wp-content\/uploads\/2025\/12\/Logo-Dulcinella.webp?w=780&#038;ssl=1\" alt=\"Dulcinella\"><\/div><div class=\"carousel-cell\"><img data-recalc-dims=\"1\" decoding=\"async\" src=\"https:\/\/i0.wp.com\/itei.md\/wp-content\/uploads\/2025\/06\/unimedia.webp?w=780&#038;ssl=1\" alt=\"unimedia\"><\/div><div class=\"carousel-cell\"><a href=\"https:\/\/www.radionoroc.md\/\"><img data-recalc-dims=\"1\" decoding=\"async\" src=\"https:\/\/i0.wp.com\/itei.md\/wp-content\/uploads\/2026\/02\/Noroc.webp?w=780&#038;ssl=1\" alt=\"radio_noroc\"><\/a><\/div><div class=\"carousel-cell\"><img data-recalc-dims=\"1\" decoding=\"async\" src=\"https:\/\/i0.wp.com\/itei.md\/wp-content\/uploads\/2025\/06\/zugo.webp?w=780&#038;ssl=1\" alt=\"zugo\"><\/div><div class=\"carousel-cell\"><a href=\"https:\/\/moldovalibera.md\/\"><img data-recalc-dims=\"1\" decoding=\"async\" src=\"https:\/\/i0.wp.com\/itei.md\/wp-content\/uploads\/2026\/01\/moldova_libera.webp?w=780&#038;ssl=1\" alt=\"moldova_libera\"><\/a><\/div><div class=\"carousel-cell\"><img data-recalc-dims=\"1\" decoding=\"async\" src=\"https:\/\/i0.wp.com\/itei.md\/wp-content\/uploads\/2025\/06\/itiket.webp?w=780&#038;ssl=1\" alt=\"itiket\"><\/div><div class=\"carousel-cell\"><a href=\"https:\/\/realitatea.md\/\"><img data-recalc-dims=\"1\" decoding=\"async\" src=\"https:\/\/i0.wp.com\/itei.md\/wp-content\/uploads\/2026\/02\/realitatea_logo.webp?w=780&#038;ssl=1\" alt=\"realitatea\"><\/a><\/div><div class=\"carousel-cell\"><a href=\"https:\/\/www.instagram.com\/marusyas_team\/\"><img data-recalc-dims=\"1\" decoding=\"async\" src=\"https:\/\/i0.wp.com\/itei.md\/wp-content\/uploads\/2025\/12\/marusya.webp?w=780&#038;ssl=1\" alt=\"marusya\"><\/a><\/div><div class=\"carousel-cell\"><img data-recalc-dims=\"1\" decoding=\"async\" src=\"https:\/\/i0.wp.com\/itei.md\/wp-content\/uploads\/2025\/06\/dor.webp?w=780&#038;ssl=1\" alt=\"dor\"><\/div><div class=\"carousel-cell\"><img data-recalc-dims=\"1\" decoding=\"async\" src=\"https:\/\/i0.wp.com\/itei.md\/wp-content\/uploads\/2025\/06\/moldova_in_progres.webp?w=780&#038;ssl=1\" alt=\"moldova_in_progres\"><\/div><div class=\"carousel-cell\"><img data-recalc-dims=\"1\" decoding=\"async\" src=\"https:\/\/i0.wp.com\/itei.md\/wp-content\/uploads\/2025\/10\/full-color.webp?w=780&#038;ssl=1\" alt=\"Imagine 6\"><\/div><div class=\"carousel-cell\"><a href=\"https:\/\/wireless.md\/\"><img data-recalc-dims=\"1\" decoding=\"async\" src=\"https:\/\/i0.wp.com\/itei.md\/wp-content\/uploads\/2026\/01\/bewireless.ai_.webp?w=780&#038;ssl=1\" alt=\"wir\"><\/a><\/div><div class=\"carousel-cell\"><img data-recalc-dims=\"1\" decoding=\"async\" src=\"https:\/\/i0.wp.com\/itei.md\/wp-content\/uploads\/2025\/06\/logo_ZUM1.webp?w=780&#038;ssl=1\" alt=\"ZUM1\"><\/div><div class=\"carousel-cell\"><img data-recalc-dims=\"1\" decoding=\"async\" src=\"https:\/\/i0.wp.com\/itei.md\/wp-content\/uploads\/2025\/06\/moldova9.webp?w=780&#038;ssl=1\" alt=\"moldova9\"><\/div><\/div><style>\n    .carousel.ticker { display: flex; width: 100%;  height: 300px;gap: 20px; }\n    .carousel-cell { flex: 0 0 auto; margin-right: 60px;display: flex;              \/* activeaz\u0103 flexbox *\/\n  align-items: center;        \/* centreaz\u0103 vertical *\/\n  justify-content: center; }\n    .carousel-cell img { display: block;\n        width: auto;\n        max-width: 100%;\n        height: 150px; }\n        .carousel-cell img:hover {\n         transform: translateY(-5px);\n  box-shadow: 0 8px 20px rgba(0,0,0,0.3);\n}\n\n    <\/style>\n    <script>\n    document.addEventListener('DOMContentLoaded', function() {\n      var flkty = new Flickity('.carousel.ticker', {\n        wrapAround: true,\n        autoPlay: false,\n        prevNextButtons: false,\n        pageDots: false\n      });\n\n      var tickerSpeed = 1; \/\/ ajusteaz\u0103 viteza (mai mic = mai \u00eencet)\n      var isPaused = false;\n\n      function update() {\n        if (!isPaused) {\n          flkty.x -= tickerSpeed;\n          flkty.selectedIndex = flkty.dragEndRestingSelect();\n          flkty.updateSelectedSlide();\n          flkty.settle(flkty.x);\n        }\n        requestAnimationFrame(update);\n      }\n      update();\n    });\n    <\/script><\/div>\n\t\t\t\t\t\t<\/div>\n\t\t\t\t<\/div>\n\t\t\t\t\t<\/div>\n\t\t\t\t<\/div>\n\t\t<div class=\"elementor-element elementor-element-57da509 e-flex e-con-boxed e-con e-parent\" data-id=\"57da509\" data-element_type=\"container\">\n\t\t\t\t\t<div class=\"e-con-inner\">\n\t\t\t\t<div class=\"elementor-element elementor-element-7f13025 elementor-widget__width-initial elementor-widget elementor-widget-heading\" data-id=\"7f13025\" data-element_type=\"widget\" data-widget_type=\"heading.default\">\n\t\t\t\t<div class=\"elementor-widget-container\">\n\t\t\t\t\t<h2 class=\"elementor-heading-title elementor-size-default\">OFERTE \u0218I REDUCERI<\/h2>\t\t\t\t<\/div>\n\t\t\t\t<\/div>\n\t\t\t\t\t<\/div>\n\t\t\t\t<\/div>\n\t\t<div class=\"elementor-element elementor-element-a157383 e-flex e-con-boxed e-con e-parent\" data-id=\"a157383\" data-element_type=\"container\">\n\t\t\t\t\t<div class=\"e-con-inner\">\n\t\t\t\t<div class=\"elementor-element elementor-element-971be5a elementor-widget elementor-widget-hub_fancy_heading\" data-id=\"971be5a\" data-element_type=\"widget\" data-widget_type=\"hub_fancy_heading.default\">\n\t\t\t\t<div class=\"elementor-widget-container\">\n\t\t\t\t\t\n\t\t<div id=\"ld-fancy-heading-69e1b37718756\" class=\"ld-fancy-heading pos-rel\">\n\t\t\t<h4 class=\"ld-fh-element d-inline-block pos-rel  elementor-heading-title lqd-highlight-classic lqd-highlight-grow-left h4\"  > - FOR STUDENTS <br>\n- FOR PENSIONERS <br>\n- FOR PEOPLE WITH DISABILITIES<\/h4>\t\t<\/div>\n\n\t\t\t\t\t\t<\/div>\n\t\t\t\t<\/div>\n\t\t\t\t\t<\/div>\n\t\t\t\t<\/div>\n\t\t\t\t<\/div>","protected":false},"excerpt":{"rendered":"<p>+ 373 79 233 833 BD. GRIGORE VIERU, 11 Teatrul Na\u021bional Eug\u00e8ne Ionesco @teatruleugeneionesco @teatruleugeneionesco PARTENERI OFERTE \u0218I REDUCERI &#8211; PENTRU ELEVI &#8211; PENTRU PENSIONARI &#8211; PENTRU PERSOANE CU DIZABILIT\u0102\u021aI<\/p>","protected":false},"author":1,"featured_media":0,"parent":0,"menu_order":0,"comment_status":"closed","ping_status":"closed","template":"","meta":{"footnotes":""},"class_list":["post-15272","page","type-page","status-publish","hentry"],"jetpack_sharing_enabled":true,"_links":{"self":[{"href":"https:\/\/itei.md\/en\/wp-json\/wp\/v2\/pages\/15272","targetHints":{"allow":["GET"]}}],"collection":[{"href":"https:\/\/itei.md\/en\/wp-json\/wp\/v2\/pages"}],"about":[{"href":"https:\/\/itei.md\/en\/wp-json\/wp\/v2\/types\/page"}],"author":[{"embeddable":true,"href":"https:\/\/itei.md\/en\/wp-json\/wp\/v2\/users\/1"}],"replies":[{"embeddable":true,"href":"https:\/\/itei.md\/en\/wp-json\/wp\/v2\/comments?post=15272"}],"version-history":[{"count":0,"href":"https:\/\/itei.md\/en\/wp-json\/wp\/v2\/pages\/15272\/revisions"}],"wp:attachment":[{"href":"https:\/\/itei.md\/en\/wp-json\/wp\/v2\/media?parent=15272"}],"curies":[{"name":"wp","href":"https:\/\/api.w.org\/{rel}","templated":true}]}}